{"id":8611,"date":"2025-02-24T15:29:15","date_gmt":"2025-02-24T14:29:15","guid":{"rendered":"https:\/\/adoucisseuretconfort.com\/?post_type=product&amp;p=8611"},"modified":"2025-02-24T15:29:15","modified_gmt":"2025-02-24T14:29:15","slug":"pellkamin-10","status":"publish","type":"product","link":"https:\/\/adoucisseuretconfort.fr\/index.php\/product\/pellkamin-10\/","title":{"rendered":"PELLKAMIN 10"},"content":{"rendered":"<p>INSERT \u00e0 granul\u00e9s<\/p>\n<ul>\n<li>Marque EDILKAMIN<\/li>\n<li>foyer et fa\u00e7ade en fonte<\/li>\n<li>sortie des fum\u00e9es \u00d8 8 cm vers le haut, m\u00e2le<\/li>\n<li>Le chargement des granul\u00e9s peut s\u2019effectuer de 3 fa\u00e7ons :<\/li>\n<li>A : par extraction insert sur glissi\u00e8res.<\/li>\n<li>B: avec tiroir de chargement frontal ( en option )<\/li>\n<li>C : par trappe ( en option )<\/li>\n<\/ul>\n<table width=\"391\">\n<tbody>\n<tr>\n<th>Puissance Min-Max<\/th>\n<td>10.4 Kw<\/td>\n<\/tr>\n<tr>\n<th>Rendement<\/th>\n<td>90 %<\/td>\n<\/tr>\n<tr>\n<th>Volume chauffant<\/th>\n<td>270 m3<\/td>\n<\/tr>\n<tr>\n<th>R\u00e9servoir<\/th>\n<td>11 Kg<\/td>\n<\/tr>\n<tr>\n<th>Type de foyer<\/th>\n<td>Fonte<\/td>\n<\/tr>\n<tr>\n<th>Consommation<\/th>\n<td>0.7-2.4 Kg\/H<\/td>\n<\/tr>\n<tr>\n<th>Larg x Prof x Haut<\/th>\n<td>74 x 46 x 49 cm<\/td>\n<\/tr>\n<tr>\n<th>Poids<\/th>\n<td>151 Kg<\/td>\n<\/tr>\n<tr>\n<th>Diam\u00e8tre sortie de fum\u00e9e<\/th>\n<td>8 cm<\/td>\n<\/tr>\n<tr>\n<th>Sortie de fum\u00e9e<\/th>\n<td>M\u00e2le vers le haut<\/td>\n<\/tr>\n<\/tbody>\n<\/table>\n","protected":false},"excerpt":{"rendered":"<p>INSERT \u00e0 granul\u00e9s Marque EDILKAMIN foyer et fa\u00e7ade en fonte sortie des fum\u00e9es \u00d8 8 cm vers le haut, m\u00e2le Le chargement des granul\u00e9s peut s\u2019effectuer de 3 fa\u00e7ons : A : par extraction insert sur glissi\u00e8res. B: avec tiroir de chargement frontal ( en option ) C : par trappe ( en option ) [&hellip;]<\/p>\n","protected":false},"featured_media":2000,"template":"","meta":{"_coblocks_attr":"","_coblocks_dimensions":"","_coblocks_responsive_height":"","_coblocks_accordion_ie_support":"","_crdt_document":""},"product_brand":[],"product_cat":[117],"product_tag":[],"class_list":{"0":"post-8611","1":"product","2":"type-product","3":"status-publish","4":"has-post-thumbnail","6":"product_cat-insert","8":"first","9":"instock","10":"shipping-taxable","11":"product-type-simple"},"jetpack_sharing_enabled":true,"_links":{"self":[{"href":"https:\/\/adoucisseuretconfort.fr\/index.php\/wp-json\/wp\/v2\/product\/8611","targetHints":{"allow":["GET"]}}],"collection":[{"href":"https:\/\/adoucisseuretconfort.fr\/index.php\/wp-json\/wp\/v2\/product"}],"about":[{"href":"https:\/\/adoucisseuretconfort.fr\/index.php\/wp-json\/wp\/v2\/types\/product"}],"wp:featuredmedia":[{"embeddable":true,"href":"https:\/\/adoucisseuretconfort.fr\/index.php\/wp-json\/wp\/v2\/media\/2000"}],"wp:attachment":[{"href":"https:\/\/adoucisseuretconfort.fr\/index.php\/wp-json\/wp\/v2\/media?parent=8611"}],"wp:term":[{"taxonomy":"product_brand","embeddable":true,"href":"https:\/\/adoucisseuretconfort.fr\/index.php\/wp-json\/wp\/v2\/product_brand?post=8611"},{"taxonomy":"product_cat","embeddable":true,"href":"https:\/\/adoucisseuretconfort.fr\/index.php\/wp-json\/wp\/v2\/product_cat?post=8611"},{"taxonomy":"product_tag","embeddable":true,"href":"https:\/\/adoucisseuretconfort.fr\/index.php\/wp-json\/wp\/v2\/product_tag?post=8611"}],"curies":[{"name":"wp","href":"https:\/\/api.w.org\/{rel}","templated":true}]}}