{"id":8610,"date":"2025-02-24T15:24:34","date_gmt":"2025-02-24T14:24:34","guid":{"rendered":"https:\/\/adoucisseuretconfort.com\/?post_type=product&amp;p=8610"},"modified":"2025-02-24T15:24:34","modified_gmt":"2025-02-24T14:24:34","slug":"layma","status":"publish","type":"product","link":"https:\/\/adoucisseuretconfort.fr\/index.php\/product\/layma\/","title":{"rendered":"LAYMA"},"content":{"rendered":"<div class=\"entry-content alignfull wp-block-post-content is-layout-constrained wp-block-post-content-is-layout-constrained\">\n<figure id=\"attachment_1996\" aria-describedby=\"caption-attachment-1996\" style=\"width: 300px\" class=\"wp-caption alignnone\"><img loading=\"lazy\" decoding=\"async\" class=\"size-full wp-image-1996\" src=\"https:\/\/adoucisseuretconfort.com\/wp-content\/uploads\/2023\/01\/MONDAY_bordeaux-300x225-1.png\" alt=\"\" width=\"300\" height=\"225\" \/><figcaption id=\"caption-attachment-1996\" class=\"wp-caption-text\">layma rouge<\/figcaption><\/figure>\n<figure id=\"attachment_1997\" aria-describedby=\"caption-attachment-1997\" style=\"width: 300px\" class=\"wp-caption alignnone\"><img loading=\"lazy\" decoding=\"async\" class=\"size-full wp-image-1997\" src=\"https:\/\/adoucisseuretconfort.com\/wp-content\/uploads\/2023\/01\/MONDAY_bianca-300x225-1.png\" alt=\"\" width=\"300\" height=\"225\" \/><figcaption id=\"caption-attachment-1997\" class=\"wp-caption-text\">layma blanc<\/figcaption><\/figure>\n<p>Po\u00eale \u00e0 granul\u00e9s au design moderne carr\u00e9, avec porte et c\u00f4t\u00e9s en acier.<\/p>\n<ul>\n<li>Marque Italiana Camini<\/li>\n<li>foyer en vermiculite<\/li>\n<li>sortie des fum\u00e9es \u00d8 8 cm par l\u2019arri\u00e8re, m\u00e2le<\/li>\n<li>Ventilation frontal air chaud d\u00e9sactivable<\/li>\n<li>panneau synoptique<\/li>\n<li>programmation journali\u00e8re\/hebdomadaire<\/li>\n<li>Possibilit\u00e9 de canaliser l\u2019air chaud dans une autre pi\u00e8ce. (kit en option)<\/li>\n<\/ul>\n<table width=\"391\">\n<tbody>\n<tr>\n<th>Puissance Min-Max<\/th>\n<td>4.2-14.3 Kw<\/td>\n<\/tr>\n<tr>\n<th>Rendement<\/th>\n<td>90 %<\/td>\n<\/tr>\n<tr>\n<th>Volume chauffant<\/th>\n<td>375 m3<\/td>\n<\/tr>\n<tr>\n<th>R\u00e9servoir<\/th>\n<td>30 Kg<\/td>\n<\/tr>\n<tr>\n<th>Autonomie<\/th>\n<td>9-30 H<\/td>\n<\/tr>\n<tr>\n<th>Consommation<\/th>\n<td>1-3.3 Kg\/H<\/td>\n<\/tr>\n<tr>\n<th>Larg x Prof x Haut<\/th>\n<td>60.5 x 62 x 121.5 cm<\/td>\n<\/tr>\n<tr>\n<th>Poids<\/th>\n<td>180 Kg<\/td>\n<\/tr>\n<tr>\n<th>Diam\u00e8tre sortie de fum\u00e9e<\/th>\n<td>8 cm<\/td>\n<\/tr>\n<tr>\n<th>Sortie de fum\u00e9e<\/th>\n<td>M\u00e2le arri\u00e8re<\/td>\n<\/tr>\n<\/tbody>\n<\/table>\n<\/div>\n","protected":false},"excerpt":{"rendered":"<p>Po\u00eale \u00e0 granul\u00e9s au design moderne carr\u00e9, avec porte et c\u00f4t\u00e9s en acier. Marque Italiana Camini foyer en vermiculite sortie des fum\u00e9es \u00d8 8 cm par l\u2019arri\u00e8re, m\u00e2le Ventilation frontal air chaud d\u00e9sactivable panneau synoptique programmation journali\u00e8re\/hebdomadaire Possibilit\u00e9 de canaliser l\u2019air chaud dans une autre pi\u00e8ce. (kit en option) Puissance Min-Max 4.2-14.3 Kw Rendement 90 [&hellip;]<\/p>\n","protected":false},"featured_media":1995,"template":"","meta":{"_coblocks_attr":"","_coblocks_dimensions":"","_coblocks_responsive_height":"","_coblocks_accordion_ie_support":"","_crdt_document":""},"product_brand":[],"product_cat":[122],"product_tag":[],"class_list":{"0":"post-8610","1":"product","2":"type-product","3":"status-publish","4":"has-post-thumbnail","6":"product_cat-poele","8":"first","9":"instock","10":"shipping-taxable","11":"product-type-simple"},"jetpack_sharing_enabled":true,"_links":{"self":[{"href":"https:\/\/adoucisseuretconfort.fr\/index.php\/wp-json\/wp\/v2\/product\/8610","targetHints":{"allow":["GET"]}}],"collection":[{"href":"https:\/\/adoucisseuretconfort.fr\/index.php\/wp-json\/wp\/v2\/product"}],"about":[{"href":"https:\/\/adoucisseuretconfort.fr\/index.php\/wp-json\/wp\/v2\/types\/product"}],"wp:featuredmedia":[{"embeddable":true,"href":"https:\/\/adoucisseuretconfort.fr\/index.php\/wp-json\/wp\/v2\/media\/1995"}],"wp:attachment":[{"href":"https:\/\/adoucisseuretconfort.fr\/index.php\/wp-json\/wp\/v2\/media?parent=8610"}],"wp:term":[{"taxonomy":"product_brand","embeddable":true,"href":"https:\/\/adoucisseuretconfort.fr\/index.php\/wp-json\/wp\/v2\/product_brand?post=8610"},{"taxonomy":"product_cat","embeddable":true,"href":"https:\/\/adoucisseuretconfort.fr\/index.php\/wp-json\/wp\/v2\/product_cat?post=8610"},{"taxonomy":"product_tag","embeddable":true,"href":"https:\/\/adoucisseuretconfort.fr\/index.php\/wp-json\/wp\/v2\/product_tag?post=8610"}],"curies":[{"name":"wp","href":"https:\/\/api.w.org\/{rel}","templated":true}]}}