{"id":8565,"date":"2025-02-21T17:45:00","date_gmt":"2025-02-21T16:45:00","guid":{"rendered":"https:\/\/adoucisseuretconfort.com\/?post_type=product&amp;p=8565"},"modified":"2025-02-21T17:45:00","modified_gmt":"2025-02-21T16:45:00","slug":"poele-etanche-entity-90","status":"publish","type":"product","link":"https:\/\/adoucisseuretconfort.fr\/index.php\/product\/poele-etanche-entity-90\/","title":{"rendered":"ENTITY 90+"},"content":{"rendered":"<div class=\"entry-content alignfull wp-block-post-content is-layout-constrained wp-block-post-content-is-layout-constrained\">\n<p>Po\u00eale \u00e0 granul\u00e9s \u00e9tanche canalisable \u00ab\u00a0gain de place\u00a0\u00bb avec seulement 31 cm de profondeur, id\u00e9al pour le couloir, mais adapt\u00e9 \u00e0 tous les espaces de la maison.<\/p>\n<p>Avec porte en fonte et c\u00f4t\u00e9s en acier arrondis dans la partie sup\u00e9rieure.<\/p>\n<p><strong>Adapt\u00e9 pour les maisons passives.<\/strong><\/p>\n<ul>\n<li>Foyer en vermiculite<\/li>\n<li>Bougie en c\u00e9ramique<\/li>\n<li>Sortie des fum\u00e9es \u00d8 8 cm vers le haut \u00d8 8\/13 cm coaxiale (acier Blanc perle, Noir opaque)<\/li>\n<li>1 sortie d\u2019air chaud canalisable par l\u2019arri\u00e8re ou lateral \u00d8 8 cm<\/li>\n<li>Ventilation air chaud vers le front<\/li>\n<li>Panneau synoptique sur le top<\/li>\n<li>Programmation journali\u00e8re\/hebdomadaire<\/li>\n<li>Fonction Easy Timer \/ Relax<\/li>\n<li>Syst\u00e8me E-Smart avec Wi-Fi int\u00e9gr\u00e9<\/li>\n<\/ul>\n<table width=\"391\">\n<tbody>\n<tr>\n<th>Puissance Min-Max<\/th>\n<td>3.9-8.7 Kw<\/td>\n<\/tr>\n<tr>\n<th>Rendement<\/th>\n<td>88.1 %<\/td>\n<\/tr>\n<tr>\n<th>Volume chauffant<\/th>\n<td>225 m3<\/td>\n<\/tr>\n<tr>\n<th>R\u00e9servoir<\/th>\n<td>17 Kg<\/td>\n<\/tr>\n<tr>\n<th>Autonomie<\/th>\n<td>8-19 H<\/td>\n<\/tr>\n<tr>\n<th>Consommation<\/th>\n<td>0.9-2.1 Kg\/H<\/td>\n<\/tr>\n<tr>\n<th>Larg x Prof x Haut<\/th>\n<td>95 x 31 x 107 cm<\/td>\n<\/tr>\n<tr>\n<th>Poids<\/th>\n<td>120 Kg<\/td>\n<\/tr>\n<tr>\n<th>Diam\u00e8tre sortie de fum\u00e9e<\/th>\n<td>8\/13 cm<\/td>\n<\/tr>\n<tr>\n<th>Diam\u00e8tre prise d\u2019air<\/th>\n<td>6 cm<\/td>\n<\/tr>\n<\/tbody>\n<\/table>\n<\/div>\n","protected":false},"excerpt":{"rendered":"<p>Po\u00eale \u00e0 granul\u00e9s \u00e9tanche canalisable \u00ab\u00a0gain de place\u00a0\u00bb avec seulement 31 cm de profondeur, id\u00e9al pour le couloir, mais adapt\u00e9 \u00e0 tous les espaces de la maison. Avec porte en fonte et c\u00f4t\u00e9s en acier arrondis dans la partie sup\u00e9rieure. Adapt\u00e9 pour les maisons passives. Foyer en vermiculite Bougie en c\u00e9ramique Sortie des fum\u00e9es \u00d8 [&hellip;]<\/p>\n","protected":false},"featured_media":1985,"template":"","meta":{"_coblocks_attr":"","_coblocks_dimensions":"","_coblocks_responsive_height":"","_coblocks_accordion_ie_support":"","_crdt_document":""},"product_brand":[],"product_cat":[123],"product_tag":[],"class_list":{"0":"post-8565","1":"product","2":"type-product","3":"status-publish","4":"has-post-thumbnail","6":"product_cat-poele-etanche","8":"first","9":"instock","10":"shipping-taxable","11":"product-type-simple"},"jetpack_sharing_enabled":true,"_links":{"self":[{"href":"https:\/\/adoucisseuretconfort.fr\/index.php\/wp-json\/wp\/v2\/product\/8565","targetHints":{"allow":["GET"]}}],"collection":[{"href":"https:\/\/adoucisseuretconfort.fr\/index.php\/wp-json\/wp\/v2\/product"}],"about":[{"href":"https:\/\/adoucisseuretconfort.fr\/index.php\/wp-json\/wp\/v2\/types\/product"}],"wp:featuredmedia":[{"embeddable":true,"href":"https:\/\/adoucisseuretconfort.fr\/index.php\/wp-json\/wp\/v2\/media\/1985"}],"wp:attachment":[{"href":"https:\/\/adoucisseuretconfort.fr\/index.php\/wp-json\/wp\/v2\/media?parent=8565"}],"wp:term":[{"taxonomy":"product_brand","embeddable":true,"href":"https:\/\/adoucisseuretconfort.fr\/index.php\/wp-json\/wp\/v2\/product_brand?post=8565"},{"taxonomy":"product_cat","embeddable":true,"href":"https:\/\/adoucisseuretconfort.fr\/index.php\/wp-json\/wp\/v2\/product_cat?post=8565"},{"taxonomy":"product_tag","embeddable":true,"href":"https:\/\/adoucisseuretconfort.fr\/index.php\/wp-json\/wp\/v2\/product_tag?post=8565"}],"curies":[{"name":"wp","href":"https:\/\/api.w.org\/{rel}","templated":true}]}}