{"id":8826,"date":"2023-06-28T15:20:35","date_gmt":"2023-06-28T14:20:35","guid":{"rendered":"https:\/\/adoucisseuretconfort.com\/?page_id=2602"},"modified":"2023-06-28T15:20:35","modified_gmt":"2023-06-28T14:20:35","slug":"insert-a-granules-pellkamin-10","status":"publish","type":"page","link":"https:\/\/adoucisseuretconfort.fr\/index.php\/poeles-et-inserts\/insert-a-granules-pellkamin-10\/","title":{"rendered":"Insert \u00e0 granul\u00e9s PELLKAMIN 10"},"content":{"rendered":"<p><img decoding=\"async\" width=\"300\" height=\"225\" src=\"https:\/\/adoucisseuretconfort.com\/wp-content\/uploads\/2023\/01\/PELLEK-300x225-1.png\" alt=\"\" loading=\"lazy\" srcset=\"https:\/\/i0.wp.com\/adoucisseuretconfort.com\/wp-content\/uploads\/2023\/01\/PELLEK-300x225-1.png?w=300&amp;ssl=1 300w, https:\/\/i0.wp.com\/adoucisseuretconfort.com\/wp-content\/uploads\/2023\/01\/PELLEK-300x225-1.png?resize=200%2C150&amp;ssl=1 200w\" sizes=\"auto, (max-width: 300px) 100vw, 300px\" \/>\t\t\t\t\t\t\t\t\t\t\t\t\t\t<\/p>\n<ul>\n<li>Marque EDILKAMIN<\/li>\n<li>foyer et fa\u00e7ade en fonte<\/li>\n<li>sortie des fum\u00e9es \u00d8 8 cm vers le haut, m\u00e2le<\/li>\n<li>Le chargement des granul\u00e9s peut s\u2019effectuer de 3 fa\u00e7ons :<\/li>\n<li>A : par extraction insert sur glissi\u00e8res.<\/li>\n<li>B: avec tiroir de chargement frontal ( en option )<\/li>\n<li>C : par trappe ( en option )<\/li>\n<\/ul>\n<table style=\"height: 565px;\" width=\"391\">\n<tbody>\n<tr>\n<th>Puissance Min-Max<\/th>\n<td>10.4 Kw<\/td>\n<\/tr>\n<tr>\n<th>Rendement<\/th>\n<td>90 %<\/td>\n<\/tr>\n<tr>\n<th>Volume chauffant<\/th>\n<td>270 m3<\/td>\n<\/tr>\n<tr>\n<th>R\u00e9servoir<\/th>\n<td>11 Kg<\/td>\n<\/tr>\n<tr>\n<th>Type de foyer<\/th>\n<td>Fonte<\/td>\n<\/tr>\n<tr>\n<th>Consommation<\/th>\n<td>0.7-2.4 Kg\/H<\/td>\n<\/tr>\n<tr>\n<th>Larg x Prof x Haut<\/th>\n<td>74 x 46 x 49 cm<\/td>\n<\/tr>\n<tr>\n<th>Poids<\/th>\n<td>151 Kg<\/td>\n<\/tr>\n<tr>\n<th>Diam\u00e8tre sortie de fum\u00e9e<\/th>\n<td>8 cm<\/td>\n<\/tr>\n<tr>\n<th>Sortie de fum\u00e9e<\/th>\n<td>M\u00e2le vers le haut<\/td>\n<\/tr>\n<\/tbody>\n<\/table>\n","protected":false},"excerpt":{"rendered":"<p>Insert \u00e0 granul\u00e9s PELLKAMIN10<\/p>\n","protected":false},"author":1,"featured_media":2000,"parent":8816,"menu_order":0,"comment_status":"closed","ping_status":"closed","template":"","meta":{"_coblocks_attr":"","_coblocks_dimensions":"","_coblocks_responsive_height":"","_coblocks_accordion_ie_support":"","footnotes":""},"class_list":["post-8826","page","type-page","status-publish","has-post-thumbnail","hentry"],"jetpack_sharing_enabled":true,"_links":{"self":[{"href":"https:\/\/adoucisseuretconfort.fr\/index.php\/wp-json\/wp\/v2\/pages\/8826","targetHints":{"allow":["GET"]}}],"collection":[{"href":"https:\/\/adoucisseuretconfort.fr\/index.php\/wp-json\/wp\/v2\/pages"}],"about":[{"href":"https:\/\/adoucisseuretconfort.fr\/index.php\/wp-json\/wp\/v2\/types\/page"}],"author":[{"embeddable":true,"href":"https:\/\/adoucisseuretconfort.fr\/index.php\/wp-json\/wp\/v2\/users\/1"}],"replies":[{"embeddable":true,"href":"https:\/\/adoucisseuretconfort.fr\/index.php\/wp-json\/wp\/v2\/comments?post=8826"}],"version-history":[{"count":0,"href":"https:\/\/adoucisseuretconfort.fr\/index.php\/wp-json\/wp\/v2\/pages\/8826\/revisions"}],"up":[{"embeddable":true,"href":"https:\/\/adoucisseuretconfort.fr\/index.php\/wp-json\/wp\/v2\/pages\/8816"}],"wp:featuredmedia":[{"embeddable":true,"href":"https:\/\/adoucisseuretconfort.fr\/index.php\/wp-json\/wp\/v2\/media\/2000"}],"wp:attachment":[{"href":"https:\/\/adoucisseuretconfort.fr\/index.php\/wp-json\/wp\/v2\/media?parent=8826"}],"curies":[{"name":"wp","href":"https:\/\/api.w.org\/{rel}","templated":true}]}}