{"id":8825,"date":"2023-06-26T17:09:59","date_gmt":"2023-06-26T16:09:59","guid":{"rendered":"https:\/\/adoucisseuretconfort.com\/?page_id=2518"},"modified":"2023-06-26T17:09:59","modified_gmt":"2023-06-26T16:09:59","slug":"poele-a-granules-non-etanche","status":"publish","type":"page","link":"https:\/\/adoucisseuretconfort.fr\/index.php\/poeles-et-inserts\/poele-a-granules-non-etanche\/","title":{"rendered":"Po\u00eale \u00e0 granul\u00e9s non \u00e9tanche"},"content":{"rendered":"<p>Les <strong>Po\u00eales \u00e0 pellets<\/strong> sont le moyen de chauffage d&rsquo;appoint agr\u00e9able \u00e9conomique et conviviale.<\/p>\n<p style=\"text-align: center;\"><a href=\"https:\/\/adoucisseuretconfort.com\/poele-a-granules-non-etanche-classica-plus\/\">CLASSICA plus<\/a><\/p>\n<p>\t\t\t\t\t\t\t\t\t\t\t\t\t<a href=\"https:\/\/adoucisseuretconfort.com\/poele-a-granules-non-etanche-classica-plus\/\"><br \/>\n\t\t\t\t\t\t\t<img decoding=\"async\" width=\"300\" height=\"225\" src=\"https:\/\/adoucisseuretconfort.com\/wp-content\/uploads\/2023\/01\/MAISON_bordeaux-300x225-1.png\" alt=\"poele classica plus\" loading=\"lazy\" srcset=\"https:\/\/i0.wp.com\/adoucisseuretconfort.com\/wp-content\/uploads\/2023\/01\/MAISON_bordeaux-300x225-1.png?w=300&amp;ssl=1 300w, https:\/\/i0.wp.com\/adoucisseuretconfort.com\/wp-content\/uploads\/2023\/01\/MAISON_bordeaux-300x225-1.png?resize=200%2C150&amp;ssl=1 200w\" sizes=\"auto, (max-width: 300px) 100vw, 300px\" \/>\t\t\t\t\t\t\t\t<\/a><\/p>\n<p style=\"text-align: center;\"><a href=\"https:\/\/adoucisseuretconfort.com\/poele-a-granules-non-etanche-classica-2\/\">CLASSICA 2<\/a><\/p>\n<p>\t\t\t\t\t\t\t\t\t\t\t\t\t<a href=\"https:\/\/adoucisseuretconfort.com\/poele-a-granules-non-etanche-classica-2\/\"><br \/>\n\t\t\t\t\t\t\t<img decoding=\"async\" width=\"300\" height=\"225\" src=\"https:\/\/adoucisseuretconfort.com\/wp-content\/uploads\/2023\/01\/MAISON_cuoio-300x225-1.png\" alt=\"poele classica 2\" loading=\"lazy\" srcset=\"https:\/\/i0.wp.com\/adoucisseuretconfort.com\/wp-content\/uploads\/2023\/01\/MAISON_cuoio-300x225-1.png?w=300&amp;ssl=1 300w, https:\/\/i0.wp.com\/adoucisseuretconfort.com\/wp-content\/uploads\/2023\/01\/MAISON_cuoio-300x225-1.png?resize=200%2C150&amp;ssl=1 200w\" sizes=\"auto, (max-width: 300px) 100vw, 300px\" \/>\t\t\t\t\t\t\t\t<\/a><\/p>\n<p style=\"text-align: center;\"><a href=\"https:\/\/adoucisseuretconfort.com\/accueil\/poeles-et-inserts\/poele-a-granules-non-etanche-layma\/\">LAYMA<\/a><\/p>\n<p>\t\t\t\t\t\t\t\t\t\t\t\t\t<a href=\"https:\/\/adoucisseuretconfort.com\/accueil\/poeles-et-inserts\/poele-a-granules-non-etanche-layma\/\"><br \/>\n\t\t\t\t\t\t\t<img decoding=\"async\" width=\"300\" height=\"225\" src=\"https:\/\/adoucisseuretconfort.com\/wp-content\/uploads\/2023\/01\/MONDAY_bordeaux-300x225-1.png\" alt=\"\" loading=\"lazy\" srcset=\"https:\/\/i0.wp.com\/adoucisseuretconfort.com\/wp-content\/uploads\/2023\/01\/MONDAY_bordeaux-300x225-1.png?w=300&amp;ssl=1 300w, https:\/\/i0.wp.com\/adoucisseuretconfort.com\/wp-content\/uploads\/2023\/01\/MONDAY_bordeaux-300x225-1.png?resize=200%2C150&amp;ssl=1 200w\" sizes=\"auto, (max-width: 300px) 100vw, 300px\" \/>\t\t\t\t\t\t\t\t<\/a><\/p>\n","protected":false},"excerpt":{"rendered":"<p>Les Po\u00eales \u00e0 pellets sont le moyen de chauffage d&rsquo;appoint agr\u00e9able \u00e9conomique et conviviale. CLASSICA plus CLASSICA 2 LAYMA<\/p>\n","protected":false},"author":1,"featured_media":2256,"parent":8816,"menu_order":0,"comment_status":"closed","ping_status":"closed","template":"elementor_header_footer","meta":{"_coblocks_attr":"","_coblocks_dimensions":"","_coblocks_responsive_height":"","_coblocks_accordion_ie_support":"","footnotes":""},"class_list":["post-8825","page","type-page","status-publish","has-post-thumbnail","hentry"],"jetpack_sharing_enabled":true,"_links":{"self":[{"href":"https:\/\/adoucisseuretconfort.fr\/index.php\/wp-json\/wp\/v2\/pages\/8825","targetHints":{"allow":["GET"]}}],"collection":[{"href":"https:\/\/adoucisseuretconfort.fr\/index.php\/wp-json\/wp\/v2\/pages"}],"about":[{"href":"https:\/\/adoucisseuretconfort.fr\/index.php\/wp-json\/wp\/v2\/types\/page"}],"author":[{"embeddable":true,"href":"https:\/\/adoucisseuretconfort.fr\/index.php\/wp-json\/wp\/v2\/users\/1"}],"replies":[{"embeddable":true,"href":"https:\/\/adoucisseuretconfort.fr\/index.php\/wp-json\/wp\/v2\/comments?post=8825"}],"version-history":[{"count":0,"href":"https:\/\/adoucisseuretconfort.fr\/index.php\/wp-json\/wp\/v2\/pages\/8825\/revisions"}],"up":[{"embeddable":true,"href":"https:\/\/adoucisseuretconfort.fr\/index.php\/wp-json\/wp\/v2\/pages\/8816"}],"wp:featuredmedia":[{"embeddable":true,"href":"https:\/\/adoucisseuretconfort.fr\/index.php\/wp-json\/wp\/v2\/media\/2256"}],"wp:attachment":[{"href":"https:\/\/adoucisseuretconfort.fr\/index.php\/wp-json\/wp\/v2\/media?parent=8825"}],"curies":[{"name":"wp","href":"https:\/\/api.w.org\/{rel}","templated":true}]}}