{"id":2579,"date":"2023-06-28T12:53:41","date_gmt":"2023-06-28T11:53:41","guid":{"rendered":"https:\/\/adoucisseuretconfort.com\/?page_id=2579"},"modified":"2023-06-28T12:53:41","modified_gmt":"2023-06-28T11:53:41","slug":"poele-a-granules-non-etanche-layma","status":"publish","type":"page","link":"https:\/\/adoucisseuretconfort.fr\/index.php\/poeles-et-inserts\/poele-a-granules-non-etanche-layma\/","title":{"rendered":"Po\u00eale \u00e0 granul\u00e9s non \u00e9tanche LAYMA"},"content":{"rendered":"<figure><img decoding=\"async\" src=\"https:\/\/adoucisseuretconfort.com\/wp-content\/uploads\/2023\/01\/MONDAY_grigia-300x225-1-150x150.png?crop=1\" alt=\"layma noir\" \/><\/figure>\n<figure><img decoding=\"async\" src=\"https:\/\/adoucisseuretconfort.com\/wp-content\/uploads\/2023\/01\/MONDAY_bordeaux-300x225-1-150x150.png?crop=1\" alt=\"layma rouge\" \/><\/figure>\n<figure><img decoding=\"async\" src=\"https:\/\/adoucisseuretconfort.com\/wp-content\/uploads\/2023\/01\/MONDAY_bianca-300x225-1-150x150.png?crop=1\" alt=\"layma blanc\" \/><\/figure>\n<p><strong>Caract\u00e9ristiques :<\/strong><\/p>\n<ul>\n<li>Marque Italiana Camini<\/li>\n<li>foyer en vermiculite<\/li>\n<li>sortie des fum\u00e9es \u00d8 8 cm par l\u2019arri\u00e8re, m\u00e2le<\/li>\n<li>Ventilation frontal air chaud d\u00e9sactivable<\/li>\n<li>panneau synoptique<\/li>\n<li>programmation journali\u00e8re\/hebdomadaire<\/li>\n<li>Possibilit\u00e9 de canaliser l\u2019air chaud dans une autre pi\u00e8ce. (kit en option)<\/li>\n<\/ul>\n<table style=\"height: 565px;\" width=\"391\">\n<tbody>\n<tr>\n<th>Puissance Min-Max<\/th>\n<td>4.2-14.3 Kw<\/td>\n<\/tr>\n<tr>\n<th>Rendement<\/th>\n<td>90 %<\/td>\n<\/tr>\n<tr>\n<th>Volume chauffant<\/th>\n<td>375 m3<\/td>\n<\/tr>\n<tr>\n<th>R\u00e9servoir<\/th>\n<td>30 Kg<\/td>\n<\/tr>\n<tr>\n<th>Autonomie<\/th>\n<td>9-30 H<\/td>\n<\/tr>\n<tr>\n<th>Consommation<\/th>\n<td>1-3.3 Kg\/H<\/td>\n<\/tr>\n<tr>\n<th>Larg x Prof x Haut<\/th>\n<td>60.5 x 62 x 121.5 cm<\/td>\n<\/tr>\n<tr>\n<th>Poids<\/th>\n<td>180 Kg<\/td>\n<\/tr>\n<tr>\n<th>Diam\u00e8tre sortie de fum\u00e9e<\/th>\n<td>8 cm<\/td>\n<\/tr>\n<tr>\n<th>Sortie de fum\u00e9e<\/th>\n<td>M\u00e2le arri\u00e8re<\/td>\n<\/tr>\n<\/tbody>\n<\/table>\n","protected":false},"excerpt":{"rendered":"<p>Po\u00eale \u00e0 granul\u00e9s non \u00e9tanche LAYMA<\/p>\n","protected":false},"author":1,"featured_media":2256,"parent":8816,"menu_order":0,"comment_status":"closed","ping_status":"closed","template":"","meta":{"_coblocks_attr":"","_coblocks_dimensions":"","_coblocks_responsive_height":"","_coblocks_accordion_ie_support":"","footnotes":""},"class_list":["post-2579","page","type-page","status-publish","has-post-thumbnail","hentry"],"jetpack_sharing_enabled":true,"_links":{"self":[{"href":"https:\/\/adoucisseuretconfort.fr\/index.php\/wp-json\/wp\/v2\/pages\/2579","targetHints":{"allow":["GET"]}}],"collection":[{"href":"https:\/\/adoucisseuretconfort.fr\/index.php\/wp-json\/wp\/v2\/pages"}],"about":[{"href":"https:\/\/adoucisseuretconfort.fr\/index.php\/wp-json\/wp\/v2\/types\/page"}],"author":[{"embeddable":true,"href":"https:\/\/adoucisseuretconfort.fr\/index.php\/wp-json\/wp\/v2\/users\/1"}],"replies":[{"embeddable":true,"href":"https:\/\/adoucisseuretconfort.fr\/index.php\/wp-json\/wp\/v2\/comments?post=2579"}],"version-history":[{"count":0,"href":"https:\/\/adoucisseuretconfort.fr\/index.php\/wp-json\/wp\/v2\/pages\/2579\/revisions"}],"up":[{"embeddable":true,"href":"https:\/\/adoucisseuretconfort.fr\/index.php\/wp-json\/wp\/v2\/pages\/8816"}],"wp:featuredmedia":[{"embeddable":true,"href":"https:\/\/adoucisseuretconfort.fr\/index.php\/wp-json\/wp\/v2\/media\/2256"}],"wp:attachment":[{"href":"https:\/\/adoucisseuretconfort.fr\/index.php\/wp-json\/wp\/v2\/media?parent=2579"}],"curies":[{"name":"wp","href":"https:\/\/api.w.org\/{rel}","templated":true}]}}