{"id":2564,"date":"2023-06-28T11:12:35","date_gmt":"2023-06-28T10:12:35","guid":{"rendered":"https:\/\/adoucisseuretconfort.com\/?page_id=2564"},"modified":"2023-06-28T11:12:35","modified_gmt":"2023-06-28T10:12:35","slug":"poele-a-granules-non-etanche-classica-2","status":"publish","type":"page","link":"https:\/\/adoucisseuretconfort.fr\/index.php\/poeles-et-inserts\/poele-a-granules-non-etanche-classica-2\/","title":{"rendered":"Po\u00eale \u00e0 granul\u00e9s non \u00e9tanche CLASSICA 2"},"content":{"rendered":"<p><img decoding=\"async\" width=\"300\" height=\"225\" src=\"https:\/\/adoucisseuretconfort.com\/wp-content\/uploads\/2023\/01\/MAISON_cuoio-300x225-1.png\" alt=\"poele classica 2\" loading=\"lazy\" srcset=\"https:\/\/i0.wp.com\/adoucisseuretconfort.com\/wp-content\/uploads\/2023\/01\/MAISON_cuoio-300x225-1.png?w=300&amp;ssl=1 300w, https:\/\/i0.wp.com\/adoucisseuretconfort.com\/wp-content\/uploads\/2023\/01\/MAISON_cuoio-300x225-1.png?resize=200%2C150&amp;ssl=1 200w\" sizes=\"auto, (max-width: 300px) 100vw, 300px\" \/>\t\t\t\t\t\t\t\t\t\t\t\t\t\t<\/p>\n<ul>\n<li>Marque Italiana Camini<\/li>\n<li>foyer en vermiculite<\/li>\n<li>sortie des fum\u00e9es \u00d8 8 cm par l\u2019arri\u00e8re, m\u00e2le (ou le haut )<\/li>\n<li>panneau synoptique<\/li>\n<li>programmation journali\u00e8re\/hebdomadaire<\/li>\n<\/ul>\n<table style=\"height: 565px;\" width=\"391\">\n<tbody>\n<tr>\n<th>Puissance Min-Max<\/th>\n<td>2.5-8.2 Kw<\/td>\n<\/tr>\n<tr>\n<th>Rendement<\/th>\n<td>88.7 %<\/td>\n<\/tr>\n<tr>\n<th>Volume chauffant<\/th>\n<td>215 m3<\/td>\n<\/tr>\n<tr>\n<th>R\u00e9servoir<\/th>\n<td>15 Kg<\/td>\n<\/tr>\n<tr>\n<th>Autonomie<\/th>\n<td>8-25 H<\/td>\n<\/tr>\n<tr>\n<th>Consommation<\/th>\n<td>0.6-1.9 Kg\/H<\/td>\n<\/tr>\n<tr>\n<th>Larg x Prof x Haut<\/th>\n<td>51 x 56 x 95 cm<\/td>\n<\/tr>\n<tr>\n<th>Poids<\/th>\n<td>151 Kg<\/td>\n<\/tr>\n<tr>\n<th>Diam\u00e8tre sortie de fum\u00e9e<\/th>\n<td>8 cm<\/td>\n<\/tr>\n<tr>\n<th>Sortie de fum\u00e9e<\/th>\n<td>M\u00e2le<\/td>\n<\/tr>\n<\/tbody>\n<\/table>\n","protected":false},"excerpt":{"rendered":"<p>Marque Italiana Camini foyer en vermiculite sortie des fum\u00e9es \u00d8 8 cm par l\u2019arri\u00e8re, m\u00e2le (ou le haut ) panneau synoptique programmation journali\u00e8re\/hebdomadaire Puissance Min-Max 2.5-8.2 Kw Rendement 88.7 % Volume chauffant 215 m3 R\u00e9servoir 15 Kg Autonomie 8-25 H Consommation 0.6-1.9 Kg\/H Larg x Prof x Haut 51 x 56 x 95 cm Poids [&hellip;]<\/p>\n","protected":false},"author":1,"featured_media":2256,"parent":8816,"menu_order":0,"comment_status":"closed","ping_status":"closed","template":"","meta":{"_coblocks_attr":"","_coblocks_dimensions":"","_coblocks_responsive_height":"","_coblocks_accordion_ie_support":"","footnotes":""},"class_list":["post-2564","page","type-page","status-publish","has-post-thumbnail","hentry"],"jetpack_sharing_enabled":true,"_links":{"self":[{"href":"https:\/\/adoucisseuretconfort.fr\/index.php\/wp-json\/wp\/v2\/pages\/2564","targetHints":{"allow":["GET"]}}],"collection":[{"href":"https:\/\/adoucisseuretconfort.fr\/index.php\/wp-json\/wp\/v2\/pages"}],"about":[{"href":"https:\/\/adoucisseuretconfort.fr\/index.php\/wp-json\/wp\/v2\/types\/page"}],"author":[{"embeddable":true,"href":"https:\/\/adoucisseuretconfort.fr\/index.php\/wp-json\/wp\/v2\/users\/1"}],"replies":[{"embeddable":true,"href":"https:\/\/adoucisseuretconfort.fr\/index.php\/wp-json\/wp\/v2\/comments?post=2564"}],"version-history":[{"count":0,"href":"https:\/\/adoucisseuretconfort.fr\/index.php\/wp-json\/wp\/v2\/pages\/2564\/revisions"}],"up":[{"embeddable":true,"href":"https:\/\/adoucisseuretconfort.fr\/index.php\/wp-json\/wp\/v2\/pages\/8816"}],"wp:featuredmedia":[{"embeddable":true,"href":"https:\/\/adoucisseuretconfort.fr\/index.php\/wp-json\/wp\/v2\/media\/2256"}],"wp:attachment":[{"href":"https:\/\/adoucisseuretconfort.fr\/index.php\/wp-json\/wp\/v2\/media?parent=2564"}],"curies":[{"name":"wp","href":"https:\/\/api.w.org\/{rel}","templated":true}]}}