{"id":2546,"date":"2023-06-28T10:47:32","date_gmt":"2023-06-28T09:47:32","guid":{"rendered":"https:\/\/adoucisseuretconfort.com\/?page_id=2546"},"modified":"2023-06-28T10:47:32","modified_gmt":"2023-06-28T09:47:32","slug":"poele-a-granules-non-etanche-classica-plus","status":"publish","type":"page","link":"https:\/\/adoucisseuretconfort.fr\/index.php\/poeles-et-inserts\/poele-a-granules-non-etanche-classica-plus\/","title":{"rendered":"Po\u00eale \u00e0 granul\u00e9s non \u00e9tanche CLASSICA plus"},"content":{"rendered":"<p><img decoding=\"async\" width=\"300\" height=\"225\" src=\"https:\/\/adoucisseuretconfort.com\/wp-content\/uploads\/2023\/01\/MAISON_bordeaux-300x225-1.png\" alt=\"poele classica plus\" loading=\"lazy\" srcset=\"https:\/\/i0.wp.com\/adoucisseuretconfort.com\/wp-content\/uploads\/2023\/01\/MAISON_bordeaux-300x225-1.png?w=300&amp;ssl=1 300w, https:\/\/i0.wp.com\/adoucisseuretconfort.com\/wp-content\/uploads\/2023\/01\/MAISON_bordeaux-300x225-1.png?resize=200%2C150&amp;ssl=1 200w\" sizes=\"auto, (max-width: 300px) 100vw, 300px\" \/>\t\t\t\t\t\t\t\t\t\t\t\t\t\t<\/p>\n<p><strong>Caract\u00e9ristiques :<\/strong><\/p>\n<ul>\n<li>Marque Italiana Camini<\/li>\n<li>foyer en vermiculite<\/li>\n<li>sortie des fum\u00e9es \u00d8 8 cm par l\u2019arri\u00e8re, m\u00e2le (ou le haut )<\/li>\n<li>panneau synoptique<\/li>\n<li>programmation journali\u00e8re\/hebdomadaire<\/li>\n<\/ul>\n<p>Possibilit\u00e9 de canaliser l\u2019air chaud dans une autre pi\u00e8ce (kit en option)<\/p>\n<table style=\"height: 565px;\" width=\"391\">\n<tbody>\n<tr>\n<th>Puissance Min-Max<\/th>\n<td>2.5-8 Kw<\/td>\n<\/tr>\n<tr>\n<th>Rendement<\/th>\n<td>91.5 %<\/td>\n<\/tr>\n<tr>\n<th>Volume chauffant<\/th>\n<td>210 m3<\/td>\n<\/tr>\n<tr>\n<th>R\u00e9servoir<\/th>\n<td>15 Kg<\/td>\n<\/tr>\n<tr>\n<th>Autonomie<\/th>\n<td>8-25 H<\/td>\n<\/tr>\n<tr>\n<th>Consommation<\/th>\n<td>0.6-1.8 Kg\/H<\/td>\n<\/tr>\n<tr>\n<th>Larg x Prof x Haut<\/th>\n<td>51 x 56 x 95 cm<\/td>\n<\/tr>\n<tr>\n<th>Poids<\/th>\n<td>154 Kg<\/td>\n<\/tr>\n<tr>\n<th>Diam\u00e8tre sortie de fum\u00e9e<\/th>\n<td>8 cm<\/td>\n<\/tr>\n<tr>\n<th>Sortie de fum\u00e9e<\/th>\n<td>M\u00e2le<\/td>\n<\/tr>\n<\/tbody>\n<\/table>\n","protected":false},"excerpt":{"rendered":"<p>Po\u00eale \u00e0 granul\u00e9s non \u00e9tanche CLASSICA plus<\/p>\n","protected":false},"author":1,"featured_media":2256,"parent":8816,"menu_order":0,"comment_status":"closed","ping_status":"closed","template":"","meta":{"_coblocks_attr":"","_coblocks_dimensions":"","_coblocks_responsive_height":"","_coblocks_accordion_ie_support":"","footnotes":""},"class_list":["post-2546","page","type-page","status-publish","has-post-thumbnail","hentry"],"jetpack_sharing_enabled":true,"_links":{"self":[{"href":"https:\/\/adoucisseuretconfort.fr\/index.php\/wp-json\/wp\/v2\/pages\/2546","targetHints":{"allow":["GET"]}}],"collection":[{"href":"https:\/\/adoucisseuretconfort.fr\/index.php\/wp-json\/wp\/v2\/pages"}],"about":[{"href":"https:\/\/adoucisseuretconfort.fr\/index.php\/wp-json\/wp\/v2\/types\/page"}],"author":[{"embeddable":true,"href":"https:\/\/adoucisseuretconfort.fr\/index.php\/wp-json\/wp\/v2\/users\/1"}],"replies":[{"embeddable":true,"href":"https:\/\/adoucisseuretconfort.fr\/index.php\/wp-json\/wp\/v2\/comments?post=2546"}],"version-history":[{"count":0,"href":"https:\/\/adoucisseuretconfort.fr\/index.php\/wp-json\/wp\/v2\/pages\/2546\/revisions"}],"up":[{"embeddable":true,"href":"https:\/\/adoucisseuretconfort.fr\/index.php\/wp-json\/wp\/v2\/pages\/8816"}],"wp:featuredmedia":[{"embeddable":true,"href":"https:\/\/adoucisseuretconfort.fr\/index.php\/wp-json\/wp\/v2\/media\/2256"}],"wp:attachment":[{"href":"https:\/\/adoucisseuretconfort.fr\/index.php\/wp-json\/wp\/v2\/media?parent=2546"}],"curies":[{"name":"wp","href":"https:\/\/api.w.org\/{rel}","templated":true}]}}