{"id":2481,"date":"2023-06-26T16:19:52","date_gmt":"2023-06-26T15:19:52","guid":{"rendered":"https:\/\/adoucisseuretconfort.com\/?page_id=2481"},"modified":"2023-06-26T16:19:52","modified_gmt":"2023-06-26T15:19:52","slug":"poele-a-granules-etanche-zone-80","status":"publish","type":"page","link":"https:\/\/adoucisseuretconfort.fr\/index.php\/poeles-et-inserts\/poele-a-granules-etanche-zone-80\/","title":{"rendered":"Po\u00eale \u00e0 granul\u00e9s \u00e9tanche ZONE 80"},"content":{"rendered":"<p><img decoding=\"async\" width=\"300\" height=\"225\" src=\"https:\/\/adoucisseuretconfort.com\/wp-content\/uploads\/2023\/01\/ZONE-300x225-1.png\" alt=\"\" loading=\"lazy\" srcset=\"https:\/\/i0.wp.com\/adoucisseuretconfort.com\/wp-content\/uploads\/2023\/01\/ZONE-300x225-1.png?w=300&amp;ssl=1 300w, https:\/\/i0.wp.com\/adoucisseuretconfort.com\/wp-content\/uploads\/2023\/01\/ZONE-300x225-1.png?resize=200%2C150&amp;ssl=1 200w\" sizes=\"auto, (max-width: 300px) 100vw, 300px\" \/>\t\t\t\t\t\t\t\t\t\t\t\t\t\t<\/p>\n<p><strong>Caract\u00e9ristiques :<\/strong><\/p>\n<p>Po\u00eale \u00e0 granul\u00e9s \u00e9tanche au design moderne carr\u00e9 et lin\u00e9aire, sans grilles sur la fa\u00e7ade, avec porte et c\u00f4t\u00e9s en acier. Le corps du po\u00eale, l\u00e9g\u00e8rement plus haut que les c\u00f4t\u00e9s, cr\u00e9e un jeu de g\u00e9om\u00e9tries particulier.<\/p>\n<p>Possibilit\u00e9 d\u2019installation avec la sortie des fum\u00e9es \u00d8 13 coaxiale (kit en option).<\/p>\n<p><strong>Adapt\u00e9 pour les maisons passives.<\/strong><\/p>\n<ul>\n<li>Foyer en vermiculite<\/li>\n<li>Bougie en c\u00e9ramique<\/li>\n<li>Sortie des fum\u00e9es \u00d8 8 cm par l\u2019 arri\u00e8re, \u00d8 8\/13 cm coaxiale (kit en option)<\/li>\n<li>Ventilation air chaud vers le haut<\/li>\n<li>Panneau synoptique sur le top<\/li>\n<li>Programmation journali\u00e8re\/hebdomadaire<\/li>\n<li>Fonction Easy Timer \/ Relax<\/li>\n<li>Syst\u00e8me E-Smart avec Wi-Fi int\u00e9gr\u00e9<\/li>\n<\/ul>\n<table style=\"height: 565px;\" width=\"391\">\n<tbody>\n<tr>\n<th>Puissance Min-Max<\/th>\n<td>3.4-7.6 Kw<\/td>\n<\/tr>\n<tr>\n<th>Rendement<\/th>\n<td>90.8 %<\/td>\n<\/tr>\n<tr>\n<th>Volume chauffant<\/th>\n<td>200 m3<\/td>\n<\/tr>\n<tr>\n<th>R\u00e9servoir<\/th>\n<td>15 Kg<\/td>\n<\/tr>\n<tr>\n<th>Autonomie<\/th>\n<td>9-19 H<\/td>\n<\/tr>\n<tr>\n<th>Consommation<\/th>\n<td>0.8-1.7 Kg\/H<\/td>\n<\/tr>\n<tr>\n<th>Larg x Prof x Haut<\/th>\n<td>49 x 49 x 195 cm<\/td>\n<\/tr>\n<tr>\n<th>Poids<\/th>\n<td>95 Kg<\/td>\n<\/tr>\n<tr>\n<th>Diam\u00e8tre sortie de fum\u00e9e<\/th>\n<td>8\/13 cm<\/td>\n<\/tr>\n<tr>\n<th>Diam\u00e8tre prise d&rsquo;air<\/th>\n<td>5 cm<\/td>\n<\/tr>\n<\/tbody>\n<\/table>\n","protected":false},"excerpt":{"rendered":"<p>Caract\u00e9ristiques : Po\u00eale \u00e0 granul\u00e9s \u00e9tanche au design moderne carr\u00e9 et lin\u00e9aire, sans grilles sur la fa\u00e7ade, avec porte et c\u00f4t\u00e9s en acier. Le corps du po\u00eale, l\u00e9g\u00e8rement plus haut que les c\u00f4t\u00e9s, cr\u00e9e un jeu de g\u00e9om\u00e9tries particulier. Possibilit\u00e9 d\u2019installation avec la sortie des fum\u00e9es \u00d8 13 coaxiale (kit en option). Adapt\u00e9 pour les [&hellip;]<\/p>\n","protected":false},"author":1,"featured_media":1992,"parent":8816,"menu_order":0,"comment_status":"closed","ping_status":"closed","template":"","meta":{"_coblocks_attr":"","_coblocks_dimensions":"","_coblocks_responsive_height":"","_coblocks_accordion_ie_support":"","footnotes":""},"class_list":["post-2481","page","type-page","status-publish","has-post-thumbnail","hentry"],"jetpack_sharing_enabled":true,"_links":{"self":[{"href":"https:\/\/adoucisseuretconfort.fr\/index.php\/wp-json\/wp\/v2\/pages\/2481","targetHints":{"allow":["GET"]}}],"collection":[{"href":"https:\/\/adoucisseuretconfort.fr\/index.php\/wp-json\/wp\/v2\/pages"}],"about":[{"href":"https:\/\/adoucisseuretconfort.fr\/index.php\/wp-json\/wp\/v2\/types\/page"}],"author":[{"embeddable":true,"href":"https:\/\/adoucisseuretconfort.fr\/index.php\/wp-json\/wp\/v2\/users\/1"}],"replies":[{"embeddable":true,"href":"https:\/\/adoucisseuretconfort.fr\/index.php\/wp-json\/wp\/v2\/comments?post=2481"}],"version-history":[{"count":0,"href":"https:\/\/adoucisseuretconfort.fr\/index.php\/wp-json\/wp\/v2\/pages\/2481\/revisions"}],"up":[{"embeddable":true,"href":"https:\/\/adoucisseuretconfort.fr\/index.php\/wp-json\/wp\/v2\/pages\/8816"}],"wp:featuredmedia":[{"embeddable":true,"href":"https:\/\/adoucisseuretconfort.fr\/index.php\/wp-json\/wp\/v2\/media\/1992"}],"wp:attachment":[{"href":"https:\/\/adoucisseuretconfort.fr\/index.php\/wp-json\/wp\/v2\/media?parent=2481"}],"curies":[{"name":"wp","href":"https:\/\/api.w.org\/{rel}","templated":true}]}}