{"id":2454,"date":"2023-06-26T16:03:59","date_gmt":"2023-06-26T15:03:59","guid":{"rendered":"https:\/\/adoucisseuretconfort.com\/?page_id=2454"},"modified":"2023-06-26T16:03:59","modified_gmt":"2023-06-26T15:03:59","slug":"poele-a-granules-etanche-spy-110","status":"publish","type":"page","link":"https:\/\/adoucisseuretconfort.fr\/index.php\/poeles-et-inserts\/poele-a-granules-etanche-spy-110\/","title":{"rendered":"Po\u00eale \u00e0 granul\u00e9s \u00e9tanche SPY 110+"},"content":{"rendered":"<p><img decoding=\"async\" width=\"300\" height=\"225\" src=\"https:\/\/adoucisseuretconfort.com\/wp-content\/uploads\/2023\/01\/SPY_110-300x225-1.png\" alt=\"\" loading=\"lazy\" srcset=\"https:\/\/i0.wp.com\/adoucisseuretconfort.com\/wp-content\/uploads\/2023\/01\/SPY_110-300x225-1.png?w=300&amp;ssl=1 300w, https:\/\/i0.wp.com\/adoucisseuretconfort.com\/wp-content\/uploads\/2023\/01\/SPY_110-300x225-1.png?resize=200%2C150&amp;ssl=1 200w\" sizes=\"auto, (max-width: 300px) 100vw, 300px\" \/>\t\t\t\t\t\t\t\t\t\t\t\t\t\t<\/p>\n<p><strong>Caract\u00e9ristiques :<\/strong><\/p>\n<p>Po\u00eale \u00e0 granul\u00e9s \u00e9tanche canalisable au design \u00e9l\u00e9gant, \u00e0 section ronde avec double porte\u00a0: int\u00e9rieur en fonte et ext\u00e9rieur en verre \u00ab\u00a0Magic\u00a0\u00bb. C\u00f4t\u00e9s en acier ou en verre.<\/p>\n<p>Lorsque le po\u00eale fonctionne, la vitre Magic laisse appara\u00eetre la vision de la fl amme. Une fois \u00e9teint, la vitre Magic reste totalement noire, \u00e9vitant ainsi de voir l\u2019int\u00e9rieur du foyer.<\/p>\n<p>Possibilit\u00e9 d\u2019installation avec la sortie des fum\u00e9es \u00d8 13 \u00a0coaxiale (kit en option).<\/p>\n<p><strong>Adapt\u00e9 pour les maisons passives<\/strong><\/p>\n<ul>\n<li>Foyer en vermiculite<\/li>\n<li>Bougie en c\u00e9ramique<\/li>\n<li>Sortie des fum\u00e9es \u00d8 8 cm par l\u2019 arri\u00e8re, \u00d8 8\/13 cm coaxiale (kit en option)<\/li>\n<li>1 sortie d\u2019air chaud canalisable par l\u2019arri\u00e8re \u00d8 8 cm<\/li>\n<li>Ventilation air chaud vers le front<\/li>\n<li>Double porte int\u00e9rieur en fonte et ext\u00e9rieur en verre \u00ab Magic \u00bb<\/li>\n<li>Panneau synoptique sur le top<\/li>\n<li>Programmation journali\u00e8re\/hebdomadaire<\/li>\n<li>Fonction Easy Timer \/ Relax<\/li>\n<li>Syst\u00e8me E-Smart avec Wi-Fi int\u00e9gr\u00e9<\/li>\n<\/ul>\n<table style=\"height: 565px;\" width=\"391\">\n<tbody>\n<tr>\n<th>Puissance Min-Max<\/th>\n<td>3.5-10.5 Kw<\/td>\n<\/tr>\n<tr>\n<th>Rendement<\/th>\n<td>91.9 %<\/td>\n<\/tr>\n<tr>\n<th>Volume chauffant<\/th>\n<td>275 m3<\/td>\n<\/tr>\n<tr>\n<th>R\u00e9servoir<\/th>\n<td>22 Kg<\/td>\n<\/tr>\n<tr>\n<th>Autonomie<\/th>\n<td>9-28 H<\/td>\n<\/tr>\n<tr>\n<th>Consommation<\/th>\n<td>0.8-2.4 Kg\/H<\/td>\n<\/tr>\n<tr>\n<th>Larg x Prof x Haut<\/th>\n<td>55 x 56 x 121 cm<\/td>\n<\/tr>\n<tr>\n<th>Poids<\/th>\n<td>130 Kg<\/td>\n<\/tr>\n<tr>\n<th>Diam\u00e8tre sortie de fum\u00e9e<\/th>\n<td>8\/13 cm<\/td>\n<\/tr>\n<tr>\n<th>Diam\u00e8tre prise d&rsquo;air<\/th>\n<td>5 cm<\/td>\n<\/tr>\n<\/tbody>\n<\/table>\n","protected":false},"excerpt":{"rendered":"<p>Caract\u00e9ristiques : Po\u00eale \u00e0 granul\u00e9s \u00e9tanche canalisable au design \u00e9l\u00e9gant, \u00e0 section ronde avec double porte\u00a0: int\u00e9rieur en fonte et ext\u00e9rieur en verre \u00ab\u00a0Magic\u00a0\u00bb. C\u00f4t\u00e9s en acier ou en verre. Lorsque le po\u00eale fonctionne, la vitre Magic laisse appara\u00eetre la vision de la fl amme. Une fois \u00e9teint, la vitre Magic reste totalement noire, \u00e9vitant [&hellip;]<\/p>\n","protected":false},"author":1,"featured_media":1989,"parent":8816,"menu_order":0,"comment_status":"closed","ping_status":"closed","template":"","meta":{"_coblocks_attr":"","_coblocks_dimensions":"","_coblocks_responsive_height":"","_coblocks_accordion_ie_support":"","footnotes":""},"class_list":["post-2454","page","type-page","status-publish","has-post-thumbnail","hentry"],"jetpack_sharing_enabled":true,"_links":{"self":[{"href":"https:\/\/adoucisseuretconfort.fr\/index.php\/wp-json\/wp\/v2\/pages\/2454","targetHints":{"allow":["GET"]}}],"collection":[{"href":"https:\/\/adoucisseuretconfort.fr\/index.php\/wp-json\/wp\/v2\/pages"}],"about":[{"href":"https:\/\/adoucisseuretconfort.fr\/index.php\/wp-json\/wp\/v2\/types\/page"}],"author":[{"embeddable":true,"href":"https:\/\/adoucisseuretconfort.fr\/index.php\/wp-json\/wp\/v2\/users\/1"}],"replies":[{"embeddable":true,"href":"https:\/\/adoucisseuretconfort.fr\/index.php\/wp-json\/wp\/v2\/comments?post=2454"}],"version-history":[{"count":0,"href":"https:\/\/adoucisseuretconfort.fr\/index.php\/wp-json\/wp\/v2\/pages\/2454\/revisions"}],"up":[{"embeddable":true,"href":"https:\/\/adoucisseuretconfort.fr\/index.php\/wp-json\/wp\/v2\/pages\/8816"}],"wp:featuredmedia":[{"embeddable":true,"href":"https:\/\/adoucisseuretconfort.fr\/index.php\/wp-json\/wp\/v2\/media\/1989"}],"wp:attachment":[{"href":"https:\/\/adoucisseuretconfort.fr\/index.php\/wp-json\/wp\/v2\/media?parent=2454"}],"curies":[{"name":"wp","href":"https:\/\/api.w.org\/{rel}","templated":true}]}}