{"id":2415,"date":"2023-06-26T15:34:26","date_gmt":"2023-06-26T14:34:26","guid":{"rendered":"https:\/\/adoucisseuretconfort.com\/?page_id=2415"},"modified":"2023-06-26T15:34:26","modified_gmt":"2023-06-26T14:34:26","slug":"poele-a-granules-etanche-entity-90","status":"publish","type":"page","link":"https:\/\/adoucisseuretconfort.fr\/index.php\/poeles-et-inserts\/poele-a-granules-etanche-entity-90\/","title":{"rendered":"Po\u00eale \u00e0 granul\u00e9s \u00e9tanche ENTITY 90+"},"content":{"rendered":"<p><img decoding=\"async\" width=\"300\" height=\"225\" src=\"https:\/\/adoucisseuretconfort.com\/wp-content\/uploads\/2023\/01\/ENTITY-300x225-1.png\" alt=\"\" loading=\"lazy\" srcset=\"https:\/\/i0.wp.com\/adoucisseuretconfort.com\/wp-content\/uploads\/2023\/01\/ENTITY-300x225-1.png?w=300&amp;ssl=1 300w, https:\/\/i0.wp.com\/adoucisseuretconfort.com\/wp-content\/uploads\/2023\/01\/ENTITY-300x225-1.png?resize=200%2C150&amp;ssl=1 200w\" sizes=\"auto, (max-width: 300px) 100vw, 300px\" \/>\t\t\t\t\t\t\t\t\t\t\t\t\t\t<\/p>\n<p><strong>Caract\u00e9ristiques :<\/strong><\/p>\n<p>Po\u00eale \u00e0 granul\u00e9s \u00e9tanche canalisable \u00ab\u00a0gain de place\u00a0\u00bb avec seulement 31 cm de profondeur, id\u00e9al pour le couloir, mais adapt\u00e9 \u00e0 tous les espaces de la maison.<\/p>\n<p>Avec porte en fonte et c\u00f4t\u00e9s en acier arrondis dans la partie sup\u00e9rieure.<\/p>\n<p><strong>Adapt\u00e9 pour les maisons passives.<\/strong><\/p>\n<ul>\n<li>Foyer en vermiculite<\/li>\n<li>Bougie en c\u00e9ramique<\/li>\n<li>Sortie des fum\u00e9es \u00d8 8 cm vers le haut \u00d8 8\/13 cm coaxiale (acier Blanc perle, Noir opaque)<\/li>\n<li>1 sortie d\u2019air chaud canalisable par l\u2019arri\u00e8re ou lateral \u00d8 8 cm<\/li>\n<li>Ventilation air chaud vers le front<\/li>\n<li>Panneau synoptique sur le top<\/li>\n<li>Programmation journali\u00e8re\/hebdomadaire<\/li>\n<li>Fonction Easy Timer \/ Relax<\/li>\n<li>Syst\u00e8me E-Smart avec Wi-Fi int\u00e9gr\u00e9<\/li>\n<\/ul>\n<table style=\"height: 565px;\" width=\"391\">\n<tbody>\n<tr>\n<th>Puissance Min-Max<\/th>\n<td>3.9-8.7 Kw<\/td>\n<\/tr>\n<tr>\n<th>Rendement<\/th>\n<td>88.1 %<\/td>\n<\/tr>\n<tr>\n<th>Volume chauffant<\/th>\n<td>225 m3<\/td>\n<\/tr>\n<tr>\n<th>R\u00e9servoir<\/th>\n<td>17 Kg<\/td>\n<\/tr>\n<tr>\n<th>Autonomie<\/th>\n<td>8-19 H<\/td>\n<\/tr>\n<tr>\n<th>Consommation<\/th>\n<td>0.9-2.1 Kg\/H<\/td>\n<\/tr>\n<tr>\n<th>Larg x Prof x Haut<\/th>\n<td>95 x 31 x 107 cm<\/td>\n<\/tr>\n<tr>\n<th>Poids<\/th>\n<td>120 Kg<\/td>\n<\/tr>\n<tr>\n<th>Diam\u00e8tre sortie de fum\u00e9e<\/th>\n<td>8\/13 cm<\/td>\n<\/tr>\n<tr>\n<th>Diam\u00e8tre prise d&rsquo;air<\/th>\n<td>6 cm<\/td>\n<\/tr>\n<\/tbody>\n<\/table>\n","protected":false},"excerpt":{"rendered":"<p>Po\u00eale \u00e0 granul\u00e9s \u00e9tanche ENTITY 90+<\/p>\n","protected":false},"author":1,"featured_media":1985,"parent":8816,"menu_order":0,"comment_status":"closed","ping_status":"closed","template":"","meta":{"_coblocks_attr":"","_coblocks_dimensions":"","_coblocks_responsive_height":"","_coblocks_accordion_ie_support":"","footnotes":""},"class_list":["post-2415","page","type-page","status-publish","has-post-thumbnail","hentry"],"jetpack_sharing_enabled":true,"_links":{"self":[{"href":"https:\/\/adoucisseuretconfort.fr\/index.php\/wp-json\/wp\/v2\/pages\/2415","targetHints":{"allow":["GET"]}}],"collection":[{"href":"https:\/\/adoucisseuretconfort.fr\/index.php\/wp-json\/wp\/v2\/pages"}],"about":[{"href":"https:\/\/adoucisseuretconfort.fr\/index.php\/wp-json\/wp\/v2\/types\/page"}],"author":[{"embeddable":true,"href":"https:\/\/adoucisseuretconfort.fr\/index.php\/wp-json\/wp\/v2\/users\/1"}],"replies":[{"embeddable":true,"href":"https:\/\/adoucisseuretconfort.fr\/index.php\/wp-json\/wp\/v2\/comments?post=2415"}],"version-history":[{"count":0,"href":"https:\/\/adoucisseuretconfort.fr\/index.php\/wp-json\/wp\/v2\/pages\/2415\/revisions"}],"up":[{"embeddable":true,"href":"https:\/\/adoucisseuretconfort.fr\/index.php\/wp-json\/wp\/v2\/pages\/8816"}],"wp:featuredmedia":[{"embeddable":true,"href":"https:\/\/adoucisseuretconfort.fr\/index.php\/wp-json\/wp\/v2\/media\/1985"}],"wp:attachment":[{"href":"https:\/\/adoucisseuretconfort.fr\/index.php\/wp-json\/wp\/v2\/media?parent=2415"}],"curies":[{"name":"wp","href":"https:\/\/api.w.org\/{rel}","templated":true}]}}