{"id":1415,"date":"2022-01-26T16:35:45","date_gmt":"2022-01-26T15:35:45","guid":{"rendered":"https:\/\/adoucisseuretconfort.com\/?page_id=1415"},"modified":"2022-01-26T16:35:45","modified_gmt":"2022-01-26T15:35:45","slug":"mentions-legales","status":"publish","type":"page","link":"https:\/\/adoucisseuretconfort.fr\/index.php\/mentions-legales\/","title":{"rendered":"Mentions l\u00e9gales"},"content":{"rendered":"\n<p>Le pr\u00e9sent site est la propri\u00e9t\u00e9 de Adoucisseur et confort du Nord,<\/p>\n\n\n\n<p>Adoucisseur et confort du Nord<br>ZAC avenue de l\u2019Europe<br>59270 BAILLEUL<br>T\u00e9l. : 03 28 50 38 88<br>Fax : 03 28 50 38 89<\/p>\n\n\n\n<p>Le directeur de publication est :<\/p>\n\n\n\n<p>Nom : Louis-Pascal Agneray<\/p>\n\n\n\n<p>Adresse : ZAC avenue de l\u2019Europe<\/p>\n\n\n\n<p>T\u00e9l\u00e9phone : 03 28 50 38 88<\/p>\n\n\n\n<p>E-mail : contact@cfpmenuiseries.fr<\/p>\n\n\n\n<p>Cr\u00e9dits photographiques<\/p>\n\n\n\n<p>Sauf mention contraire, les photographies pr\u00e9sentes sur le pr\u00e9sent site sont la propri\u00e9t\u00e9 de Adoucisseur et confort du Nord.<\/p>\n\n\n\n<p>Propri\u00e9t\u00e9 intellectuelle, droit de reproduction, liens<\/p>\n\n\n\n<p>La structure g\u00e9n\u00e9rale ainsi que les logiciels, textes, images anim\u00e9es ou non, sons, savoir-faire,\u2026 et tous les autres \u00e9l\u00e9ments composant le site sont la propri\u00e9t\u00e9 exclusive de Adoucisseur et confort du Nord ou bien sont r\u00e9guli\u00e8rement exploit\u00e9s sous licence. L\u2019ensemble de ce site rel\u00e8ve de la l\u00e9gislation fran\u00e7aise et internationale sur le droit d\\\u2019auteur et la propri\u00e9t\u00e9 intellectuelle. Tous les droits de reproduction sont r\u00e9serv\u00e9s, y compris pour les documents t\u00e9l\u00e9chargeables et les repr\u00e9sentations iconographiques ou photographiques.<\/p>\n\n\n\n<p>Toute reproduction \u00e9lectronique totale ou partielle de ce site sans l\u2019autorisation expresse de Adoucisseur et confort du Nord est interdite et constituerait une contrefa\u00e7on sanctionn\u00e9e par les articles L 335-2 et suivants du Code de la Propri\u00e9t\u00e9 Intellectuelle (CPI), sauf mention expresse du contraire.<\/p>\n\n\n\n<p>Protection des donn\u00e9es personnelles<\/p>\n\n\n\n<p>Conform\u00e9ment \u00e0 l\u2019article 34 de la loi Informatique et Libert\u00e9 du 6 janvier 1978, vous disposez d\u2019un droit d\u2019acc\u00e8s, de modification, de rectification et de suppression des donn\u00e9es vous concernant. Si vous ne souhaitez plus recevoir d\u2019information par e-mail, contactez-nous par e-mail ou par courrier.<\/p>\n\n\n\n<p>Le pr\u00e9sent site a fait l\u2019objet d\u2019une d\u00e9claration \u00e0 la CNIL (Commission Nationale de l\u2019Informatique et des Libert\u00e9s).<\/p>\n\n\n\n<p>Conception graphique et r\u00e9alisation du site :<\/p>\n\n\n\n<p>Adoucisseur et confort du Nord<\/p>\n","protected":false},"excerpt":{"rendered":"<p>Le pr\u00e9sent site est la propri\u00e9t\u00e9 de Adoucisseur et confort du Nord, Adoucisseur et confort du NordZAC avenue de l\u2019Europe59270 BAILLEULT\u00e9l. : 03 28 50 38 88Fax : 03 28 50 38 89 Le directeur de publication est : Nom : Louis-Pascal Agneray Adresse : ZAC avenue de l\u2019Europe T\u00e9l\u00e9phone : 03 28 50 38 [&hellip;]<\/p>\n","protected":false},"author":1,"featured_media":0,"parent":0,"menu_order":0,"comment_status":"closed","ping_status":"closed","template":"","meta":{"_coblocks_attr":"","_coblocks_dimensions":"","_coblocks_responsive_height":"","_coblocks_accordion_ie_support":"","footnotes":""},"class_list":["post-1415","page","type-page","status-publish","hentry"],"jetpack_sharing_enabled":true,"_links":{"self":[{"href":"https:\/\/adoucisseuretconfort.fr\/index.php\/wp-json\/wp\/v2\/pages\/1415","targetHints":{"allow":["GET"]}}],"collection":[{"href":"https:\/\/adoucisseuretconfort.fr\/index.php\/wp-json\/wp\/v2\/pages"}],"about":[{"href":"https:\/\/adoucisseuretconfort.fr\/index.php\/wp-json\/wp\/v2\/types\/page"}],"author":[{"embeddable":true,"href":"https:\/\/adoucisseuretconfort.fr\/index.php\/wp-json\/wp\/v2\/users\/1"}],"replies":[{"embeddable":true,"href":"https:\/\/adoucisseuretconfort.fr\/index.php\/wp-json\/wp\/v2\/comments?post=1415"}],"version-history":[{"count":0,"href":"https:\/\/adoucisseuretconfort.fr\/index.php\/wp-json\/wp\/v2\/pages\/1415\/revisions"}],"wp:attachment":[{"href":"https:\/\/adoucisseuretconfort.fr\/index.php\/wp-json\/wp\/v2\/media?parent=1415"}],"curies":[{"name":"wp","href":"https:\/\/api.w.org\/{rel}","templated":true}]}}